{"id":256,"date":"2021-03-27T13:36:17","date_gmt":"2021-03-27T12:36:17","guid":{"rendered":"https:\/?post_type=product&#038;p=256"},"modified":"2023-03-16T14:02:02","modified_gmt":"2023-03-16T13:02:02","slug":"sac-triade","status":"publish","type":"product","link":"https:\/\/clan-nordag.com\/index.php\/produit\/sac-triade\/","title":{"rendered":"Sac \u00ab\u00a0Triade\u00a0\u00bb"},"content":{"rendered":"","protected":false},"excerpt":{"rendered":"<p>Sac \u00e0 anses longues en coton 136g<br \/>\nCouleur \u00e9cru<br \/>\n100% coton et de qualit\u00e9<br \/>\nTaille : 39 x 41 cm<\/p>\n","protected":false},"featured_media":258,"template":"","meta":[],"yoast_head":"<!-- This site is optimized with the Yoast SEO plugin v21.0 - https:\/\/yoast.com\/wordpress\/plugins\/seo\/ -->\n<title>Sac &quot;Triade&quot; - Clan Nordag<\/title>\n<meta name=\"robots\" content=\"index, follow, max-snippet:-1, max-image-preview:large, max-video-preview:-1\" \/>\n<link rel=\"canonical\" href=\"https:\/\/clan-nordag.com\/index.php\/produit\/sac-triade\/\" \/>\n<meta property=\"og:locale\" content=\"fr_FR\" \/>\n<meta property=\"og:type\" content=\"article\" \/>\n<meta property=\"og:title\" content=\"Sac &quot;Triade&quot; - Clan Nordag\" \/>\n<meta property=\"og:description\" content=\"Sac \u00e0 anses longues en coton 136g Couleur \u00e9cru 100% coton et de qualit\u00e9 Taille : 39 x 41 cm\" \/>\n<meta property=\"og:url\" content=\"https:\/\/clan-nordag.com\/index.php\/produit\/sac-triade\/\" \/>\n<meta property=\"og:site_name\" content=\"Clan Nordag\" \/>\n<meta property=\"article:modified_time\" content=\"2023-03-16T13:02:02+00:00\" \/>\n<meta property=\"og:image\" content=\"https:\/\/clan-nordag.com\/wp-content\/uploads\/2021\/03\/sac.jpg\" \/>\n\t<meta property=\"og:image:width\" content=\"864\" \/>\n\t<meta property=\"og:image:height\" content=\"1548\" \/>\n\t<meta property=\"og:image:type\" content=\"image\/jpeg\" \/>\n<meta name=\"twitter:card\" content=\"summary_large_image\" \/>\n<script type=\"application\/ld+json\" class=\"yoast-schema-graph\">{\"@context\":\"https:\/\/schema.org\",\"@graph\":[{\"@type\":\"WebPage\",\"@id\":\"https:\/\/clan-nordag.com\/index.php\/produit\/sac-triade\/\",\"url\":\"https:\/\/clan-nordag.com\/index.php\/produit\/sac-triade\/\",\"name\":\"Sac \\\"Triade\\\" - Clan Nordag\",\"isPartOf\":{\"@id\":\"https:\/\/clan-nordag.com\/#website\"},\"datePublished\":\"2021-03-27T12:36:17+00:00\",\"dateModified\":\"2023-03-16T13:02:02+00:00\",\"breadcrumb\":{\"@id\":\"https:\/\/clan-nordag.com\/index.php\/produit\/sac-triade\/#breadcrumb\"},\"inLanguage\":\"fr-FR\",\"potentialAction\":[{\"@type\":\"ReadAction\",\"target\":[\"https:\/\/clan-nordag.com\/index.php\/produit\/sac-triade\/\"]}]},{\"@type\":\"BreadcrumbList\",\"@id\":\"https:\/\/clan-nordag.com\/index.php\/produit\/sac-triade\/#breadcrumb\",\"itemListElement\":[{\"@type\":\"ListItem\",\"position\":1,\"name\":\"Accueil\",\"item\":\"https:\/\/clan-nordag.com\/\"},{\"@type\":\"ListItem\",\"position\":2,\"name\":\"Sac \u00ab\u00a0Triade\u00a0\u00bb\"}]},{\"@type\":\"WebSite\",\"@id\":\"https:\/\/clan-nordag.com\/#website\",\"url\":\"https:\/\/clan-nordag.com\/\",\"name\":\"Clan Nordag\",\"description\":\"Site officiel du groupe\",\"potentialAction\":[{\"@type\":\"SearchAction\",\"target\":{\"@type\":\"EntryPoint\",\"urlTemplate\":\"https:\/\/clan-nordag.com\/?s={search_term_string}\"},\"query-input\":\"required name=search_term_string\"}],\"inLanguage\":\"fr-FR\"}]}<\/script>\n<!-- \/ Yoast SEO plugin. -->","yoast_head_json":{"title":"Sac \"Triade\" - Clan Nordag","robots":{"index":"index","follow":"follow","max-snippet":"max-snippet:-1","max-image-preview":"max-image-preview:large","max-video-preview":"max-video-preview:-1"},"canonical":"https:\/\/clan-nordag.com\/index.php\/produit\/sac-triade\/","og_locale":"fr_FR","og_type":"article","og_title":"Sac \"Triade\" - Clan Nordag","og_description":"Sac \u00e0 anses longues en coton 136g Couleur \u00e9cru 100% coton et de qualit\u00e9 Taille : 39 x 41 cm","og_url":"https:\/\/clan-nordag.com\/index.php\/produit\/sac-triade\/","og_site_name":"Clan Nordag","article_modified_time":"2023-03-16T13:02:02+00:00","og_image":[{"width":864,"height":1548,"url":"https:\/\/clan-nordag.com\/wp-content\/uploads\/2021\/03\/sac.jpg","type":"image\/jpeg"}],"twitter_card":"summary_large_image","schema":{"@context":"https:\/\/schema.org","@graph":[{"@type":"WebPage","@id":"https:\/\/clan-nordag.com\/index.php\/produit\/sac-triade\/","url":"https:\/\/clan-nordag.com\/index.php\/produit\/sac-triade\/","name":"Sac \"Triade\" - Clan Nordag","isPartOf":{"@id":"https:\/\/clan-nordag.com\/#website"},"datePublished":"2021-03-27T12:36:17+00:00","dateModified":"2023-03-16T13:02:02+00:00","breadcrumb":{"@id":"https:\/\/clan-nordag.com\/index.php\/produit\/sac-triade\/#breadcrumb"},"inLanguage":"fr-FR","potentialAction":[{"@type":"ReadAction","target":["https:\/\/clan-nordag.com\/index.php\/produit\/sac-triade\/"]}]},{"@type":"BreadcrumbList","@id":"https:\/\/clan-nordag.com\/index.php\/produit\/sac-triade\/#breadcrumb","itemListElement":[{"@type":"ListItem","position":1,"name":"Accueil","item":"https:\/\/clan-nordag.com\/"},{"@type":"ListItem","position":2,"name":"Sac \u00ab\u00a0Triade\u00a0\u00bb"}]},{"@type":"WebSite","@id":"https:\/\/clan-nordag.com\/#website","url":"https:\/\/clan-nordag.com\/","name":"Clan Nordag","description":"Site officiel du groupe","potentialAction":[{"@type":"SearchAction","target":{"@type":"EntryPoint","urlTemplate":"https:\/\/clan-nordag.com\/?s={search_term_string}"},"query-input":"required name=search_term_string"}],"inLanguage":"fr-FR"}]}},"_links":{"self":[{"href":"https:\/\/clan-nordag.com\/index.php\/wp-json\/wp\/v2\/product\/256"}],"collection":[{"href":"https:\/\/clan-nordag.com\/index.php\/wp-json\/wp\/v2\/product"}],"about":[{"href":"https:\/\/clan-nordag.com\/index.php\/wp-json\/wp\/v2\/types\/product"}],"wp:featuredmedia":[{"embeddable":true,"href":"https:\/\/clan-nordag.com\/index.php\/wp-json\/wp\/v2\/media\/258"}],"wp:attachment":[{"href":"https:\/\/clan-nordag.com\/index.php\/wp-json\/wp\/v2\/media?parent=256"}],"curies":[{"name":"wp","href":"https:\/\/api.w.org\/{rel}","templated":true}]}}