{"id":247,"date":"2021-03-25T19:39:47","date_gmt":"2021-03-25T18:39:47","guid":{"rendered":"https:\/?post_type=product&#038;p=247"},"modified":"2021-06-11T13:10:23","modified_gmt":"2021-06-11T11:10:23","slug":"album-numerique-triade","status":"publish","type":"product","link":"https:\/\/clan-nordag.com\/index.php\/produit\/album-numerique-triade\/","title":{"rendered":"Album num\u00e9rique \u00ab\u00a0Triade\u00a0\u00bb (MP3 HD)"},"content":{"rendered":"<div class=\"tralbumData tralbum-about\">\n<h3 class=\"credits-label\">Album \u00ab\u00a0Triade\u00a0\u00bb<\/h3>\n<p>1- In Utero<br \/>\n2- Yggdrasil<br \/>\n3- Le dernier viking<br \/>\n4- Sant Erwan<br \/>\n5- Solstice d&rsquo;\u00e9t\u00e9<br \/>\n6- Bae an anaon (la baie des tr\u00e9pass\u00e9s)<br \/>\n7- H\u00e9rostrate<br \/>\n8- La caravelle<br \/>\n9- Le bouclier de Freya<br \/>\n10- Broc\u00e9liande<br \/>\n11- Complainte de la terre<br \/>\n12- Phoenix<\/p>\n<\/div>\n<h3 class=\"credits-label\">Cr\u00e9dits<\/h3>\n<div class=\"tralbumData tralbum-credits\">\n<p>. \u201cIn utero\u201d, \u201cLe dernier viking\u201d, \u201cSolstice d&rsquo;\u00e9t\u00e9\u201d, \u201cH\u00e9rostrate\u201d et \u201cPh\u0153nix\u201d \u00e9crits et<br \/>\ncompos\u00e9s par Frank Nordag<br \/>\n. \u201cBae an anaon (la baie des tr\u00e9pass\u00e9s)\u201d, \u201cBroc\u00e9liande\u201d et \u201cLa caravelle\u201d \u00e9crits et<br \/>\ncompos\u00e9s par Hermine<br \/>\n. \u201cYggdrasil\u201d et \u201cLe bouclier de Freya\u201d \u00e9crits et compos\u00e9s par Ir\u00e8ne de France<br \/>\n. \u201cSant Erwan\u201d \u00e9crit par Frank Nordag et Julien Clisson (auteur de l\u2019extrait du<br \/>\ncantique breton \u201cNa n\u2019eus ket e Breizh\u201d), compos\u00e9 par Hermine et Frank Nordag<br \/>\n. \u201cComplainte de la terre\u201d \u00e9crit par Ir\u00e8ne de France, compos\u00e9 par Frank Nordag<\/p>\n<p>Frank Nordag : voix, ch\u0153urs, guitares, guimbarde, shruti-box, clavier, percussions<br \/>\nHermine : voix, ch\u0153urs, harpe celtique<br \/>\nIr\u00e8ne de France : voix, ch\u0153urs, guitare<br \/>\nAlb\u00e9ric : guitare solo sur \u201cLe dernier viking\u201d<\/p>\n<p>Programmation et arrangements par Frank Nordag<br \/>\nEnregistr\u00e9 dans le Home Studio \u201cNordag\u201d \u00e0 Paris et Clamart<br \/>\nMixage et mastering r\u00e9alis\u00e9s par Adrien Thore<br \/>\nProduit par Clan Nordag<\/p>\n<p>Peintures r\u00e9alis\u00e9es par Elin Cr\u00e9ations<br \/>\nInfographie de Frank Nordag<\/p>\n<p>\u00a9 2021 Edwin Muzik. Tous droits r\u00e9serv\u00e9s.<\/p>\n<\/div>\n","protected":false},"excerpt":{"rendered":"<p>Influenc\u00e9 par la musique traditionnelle celtique\/nordique, \u00ab\u00a0Triade\u00a0\u00bb est <strong>un album n\u00e9o-m\u00e9di\u00e9val <\/strong>original de style <strong>electro-folk-rock<\/strong>. Le mixage et le mastering de l\u2019album ont \u00e9t\u00e9 r\u00e9alis\u00e9s par Adrien Thore (Luc Arbogast, Skald, les derniers trouv\u00e8res\u2026). Elin a con\u00e7u toutes les aquarelles sur l\u2019ensemble du disque :\u00a0 l\u2019album est devenu ainsi <strong>une v\u00e9ritable oeuvre d\u2019art sonore et visuelle<\/strong>.<\/p>\n","protected":false},"featured_media":244,"template":"","meta":[],"yoast_head":"<!-- This site is optimized with the Yoast SEO plugin v21.0 - https:\/\/yoast.com\/wordpress\/plugins\/seo\/ -->\n<title>Album num\u00e9rique &quot;Triade&quot; (MP3 HD) - Clan Nordag<\/title>\n<meta name=\"robots\" content=\"index, follow, max-snippet:-1, max-image-preview:large, max-video-preview:-1\" \/>\n<link rel=\"canonical\" href=\"https:\/\/clan-nordag.com\/index.php\/produit\/album-numerique-triade\/\" \/>\n<meta property=\"og:locale\" content=\"fr_FR\" \/>\n<meta property=\"og:type\" content=\"article\" \/>\n<meta property=\"og:title\" content=\"Album num\u00e9rique &quot;Triade&quot; (MP3 HD) - Clan Nordag\" \/>\n<meta property=\"og:description\" content=\"Influenc\u00e9 par la musique traditionnelle celtique\/nordique, &quot;Triade&quot; est un album n\u00e9o-m\u00e9di\u00e9val original de style electro-folk-rock. Le mixage et le mastering de l\u2019album ont \u00e9t\u00e9 r\u00e9alis\u00e9s par Adrien Thore (Luc Arbogast, Skald, les derniers trouv\u00e8res\u2026). Elin a con\u00e7u toutes les aquarelles sur l\u2019ensemble du disque :\u00a0 l\u2019album est devenu ainsi une v\u00e9ritable oeuvre d\u2019art sonore et visuelle.\" \/>\n<meta property=\"og:url\" content=\"https:\/\/clan-nordag.com\/index.php\/produit\/album-numerique-triade\/\" \/>\n<meta property=\"og:site_name\" content=\"Clan Nordag\" \/>\n<meta property=\"article:modified_time\" content=\"2021-06-11T11:10:23+00:00\" \/>\n<meta property=\"og:image\" content=\"https:\/\/clan-nordag.com\/wp-content\/uploads\/2021\/03\/illustration-couverture-album.jpg\" \/>\n\t<meta property=\"og:image:width\" content=\"2481\" \/>\n\t<meta property=\"og:image:height\" content=\"2197\" \/>\n\t<meta property=\"og:image:type\" content=\"image\/jpeg\" \/>\n<meta name=\"twitter:card\" content=\"summary_large_image\" \/>\n<meta name=\"twitter:label1\" content=\"Dur\u00e9e de lecture estim\u00e9e\" \/>\n\t<meta name=\"twitter:data1\" content=\"1 minute\" \/>\n<script type=\"application\/ld+json\" class=\"yoast-schema-graph\">{\"@context\":\"https:\/\/schema.org\",\"@graph\":[{\"@type\":\"WebPage\",\"@id\":\"https:\/\/clan-nordag.com\/index.php\/produit\/album-numerique-triade\/\",\"url\":\"https:\/\/clan-nordag.com\/index.php\/produit\/album-numerique-triade\/\",\"name\":\"Album num\u00e9rique \\\"Triade\\\" (MP3 HD) - Clan Nordag\",\"isPartOf\":{\"@id\":\"https:\/\/clan-nordag.com\/#website\"},\"datePublished\":\"2021-03-25T18:39:47+00:00\",\"dateModified\":\"2021-06-11T11:10:23+00:00\",\"breadcrumb\":{\"@id\":\"https:\/\/clan-nordag.com\/index.php\/produit\/album-numerique-triade\/#breadcrumb\"},\"inLanguage\":\"fr-FR\",\"potentialAction\":[{\"@type\":\"ReadAction\",\"target\":[\"https:\/\/clan-nordag.com\/index.php\/produit\/album-numerique-triade\/\"]}]},{\"@type\":\"BreadcrumbList\",\"@id\":\"https:\/\/clan-nordag.com\/index.php\/produit\/album-numerique-triade\/#breadcrumb\",\"itemListElement\":[{\"@type\":\"ListItem\",\"position\":1,\"name\":\"Accueil\",\"item\":\"https:\/\/clan-nordag.com\/\"},{\"@type\":\"ListItem\",\"position\":2,\"name\":\"Album num\u00e9rique \u00ab\u00a0Triade\u00a0\u00bb (MP3 HD)\"}]},{\"@type\":\"WebSite\",\"@id\":\"https:\/\/clan-nordag.com\/#website\",\"url\":\"https:\/\/clan-nordag.com\/\",\"name\":\"Clan Nordag\",\"description\":\"Site officiel du groupe\",\"potentialAction\":[{\"@type\":\"SearchAction\",\"target\":{\"@type\":\"EntryPoint\",\"urlTemplate\":\"https:\/\/clan-nordag.com\/?s={search_term_string}\"},\"query-input\":\"required name=search_term_string\"}],\"inLanguage\":\"fr-FR\"}]}<\/script>\n<!-- \/ Yoast SEO plugin. -->","yoast_head_json":{"title":"Album num\u00e9rique \"Triade\" (MP3 HD) - Clan Nordag","robots":{"index":"index","follow":"follow","max-snippet":"max-snippet:-1","max-image-preview":"max-image-preview:large","max-video-preview":"max-video-preview:-1"},"canonical":"https:\/\/clan-nordag.com\/index.php\/produit\/album-numerique-triade\/","og_locale":"fr_FR","og_type":"article","og_title":"Album num\u00e9rique \"Triade\" (MP3 HD) - Clan Nordag","og_description":"Influenc\u00e9 par la musique traditionnelle celtique\/nordique, \"Triade\" est un album n\u00e9o-m\u00e9di\u00e9val original de style electro-folk-rock. Le mixage et le mastering de l\u2019album ont \u00e9t\u00e9 r\u00e9alis\u00e9s par Adrien Thore (Luc Arbogast, Skald, les derniers trouv\u00e8res\u2026). Elin a con\u00e7u toutes les aquarelles sur l\u2019ensemble du disque :\u00a0 l\u2019album est devenu ainsi une v\u00e9ritable oeuvre d\u2019art sonore et visuelle.","og_url":"https:\/\/clan-nordag.com\/index.php\/produit\/album-numerique-triade\/","og_site_name":"Clan Nordag","article_modified_time":"2021-06-11T11:10:23+00:00","og_image":[{"width":2481,"height":2197,"url":"https:\/\/clan-nordag.com\/wp-content\/uploads\/2021\/03\/illustration-couverture-album.jpg","type":"image\/jpeg"}],"twitter_card":"summary_large_image","twitter_misc":{"Dur\u00e9e de lecture estim\u00e9e":"1 minute"},"schema":{"@context":"https:\/\/schema.org","@graph":[{"@type":"WebPage","@id":"https:\/\/clan-nordag.com\/index.php\/produit\/album-numerique-triade\/","url":"https:\/\/clan-nordag.com\/index.php\/produit\/album-numerique-triade\/","name":"Album num\u00e9rique \"Triade\" (MP3 HD) - Clan Nordag","isPartOf":{"@id":"https:\/\/clan-nordag.com\/#website"},"datePublished":"2021-03-25T18:39:47+00:00","dateModified":"2021-06-11T11:10:23+00:00","breadcrumb":{"@id":"https:\/\/clan-nordag.com\/index.php\/produit\/album-numerique-triade\/#breadcrumb"},"inLanguage":"fr-FR","potentialAction":[{"@type":"ReadAction","target":["https:\/\/clan-nordag.com\/index.php\/produit\/album-numerique-triade\/"]}]},{"@type":"BreadcrumbList","@id":"https:\/\/clan-nordag.com\/index.php\/produit\/album-numerique-triade\/#breadcrumb","itemListElement":[{"@type":"ListItem","position":1,"name":"Accueil","item":"https:\/\/clan-nordag.com\/"},{"@type":"ListItem","position":2,"name":"Album num\u00e9rique \u00ab\u00a0Triade\u00a0\u00bb (MP3 HD)"}]},{"@type":"WebSite","@id":"https:\/\/clan-nordag.com\/#website","url":"https:\/\/clan-nordag.com\/","name":"Clan Nordag","description":"Site officiel du groupe","potentialAction":[{"@type":"SearchAction","target":{"@type":"EntryPoint","urlTemplate":"https:\/\/clan-nordag.com\/?s={search_term_string}"},"query-input":"required name=search_term_string"}],"inLanguage":"fr-FR"}]}},"_links":{"self":[{"href":"https:\/\/clan-nordag.com\/index.php\/wp-json\/wp\/v2\/product\/247"}],"collection":[{"href":"https:\/\/clan-nordag.com\/index.php\/wp-json\/wp\/v2\/product"}],"about":[{"href":"https:\/\/clan-nordag.com\/index.php\/wp-json\/wp\/v2\/types\/product"}],"wp:featuredmedia":[{"embeddable":true,"href":"https:\/\/clan-nordag.com\/index.php\/wp-json\/wp\/v2\/media\/244"}],"wp:attachment":[{"href":"https:\/\/clan-nordag.com\/index.php\/wp-json\/wp\/v2\/media?parent=247"}],"curies":[{"name":"wp","href":"https:\/\/api.w.org\/{rel}","templated":true}]}}