{"id":273,"date":"2021-03-30T19:33:59","date_gmt":"2021-03-30T17:33:59","guid":{"rendered":"https:\/?page_id=273"},"modified":"2021-04-09T17:55:00","modified_gmt":"2021-04-09T15:55:00","slug":"a-propos","status":"publish","type":"page","link":"https:\/\/clan-nordag.com\/index.php\/a-propos\/","title":{"rendered":"A propos"},"content":{"rendered":"\n<figure class=\"wp-block-image size-large\"><img decoding=\"async\" loading=\"lazy\" width=\"1024\" height=\"768\" src=\"https:\/\/clan-nordag.com\/wp-content\/uploads\/2021\/04\/photo-promotion-album-triade-1024x768.jpg\" alt=\"\" class=\"wp-image-315\" srcset=\"https:\/\/clan-nordag.com\/wp-content\/uploads\/2021\/04\/photo-promotion-album-triade-1024x768.jpg 1024w, https:\/\/clan-nordag.com\/wp-content\/uploads\/2021\/04\/photo-promotion-album-triade-300x225.jpg 300w, https:\/\/clan-nordag.com\/wp-content\/uploads\/2021\/04\/photo-promotion-album-triade-768x576.jpg 768w, https:\/\/clan-nordag.com\/wp-content\/uploads\/2021\/04\/photo-promotion-album-triade-600x450.jpg 600w, https:\/\/clan-nordag.com\/wp-content\/uploads\/2021\/04\/photo-promotion-album-triade.jpg 1382w\" sizes=\"(max-width: 1024px) 100vw, 1024px\" \/><\/figure>\n\n\n\n<p>Clan Nordag est compos\u00e9 d&rsquo;Hermine, Frank Nordag et Ir\u00e8ne de France. <br>Tous les 3 sont auteurs\/compositeurs\/interpr\u00e8tes. Influenc\u00e9s par la musique traditionnelle celtique\/nordique et par des groupes plus modernes tels que Faun, Skald, Qntal, Dead can Dance, Malicorne&#8230; leurs 3 univers se sont entrem\u00eal\u00e9s pour cr\u00e9er de la musique N\u00e9o-m\u00e9di\u00e9vale originale et vari\u00e9e de style electro-folk-rock. <br><br>Le groupe existe depuis 2017. Clan Nordag a sorti son 1er album intitul\u00e9 \u00ab\u00a0Triade\u00a0\u00bb en 2021. Adrien Thore s&rsquo;est charg\u00e9 du mixage\/mastering de l&rsquo;album (Luc Arbogast, Skald, les derniers trouv\u00e8res\u2026). Elin a r\u00e9alis\u00e9 toutes les peintures sur l\u2019ensemble du disque :\u00a0 l\u2019album est devenu ainsi une v\u00e9ritable oeuvre d\u2019art sonore et visuelle.<br><em><br>Clan Nordag est encadr\u00e9 par l\u2019association Edwin Muzik. Cette association g\u00e8re le site officiel de Clan Nordag. La boutique du site a pour objectif de financer les projets de Clan Nordag (r\u00e9alisation de clips, production musicale&#8230;) gr\u00e2ce aux revenus g\u00e9n\u00e9r\u00e9s par les ventes. Edwin muzik est une association de loi 1901 \u00e0 but non lucratif.<\/em><\/p>\n","protected":false},"excerpt":{"rendered":"<p>Clan Nordag est compos\u00e9 d&rsquo;Hermine, Frank Nordag et Ir\u00e8ne de France. Tous les 3 sont auteurs\/compositeurs\/interpr\u00e8tes. Influenc\u00e9s par la musique traditionnelle celtique\/nordique et par des groupes plus modernes tels que Faun, Skald, Qntal, Dead can Dance, Malicorne&#8230; leurs 3 univers se sont entrem\u00eal\u00e9s pour cr\u00e9er de la musique N\u00e9o-m\u00e9di\u00e9vale originale et vari\u00e9e de style electro-folk-rock. [&hellip;]<\/p>\n","protected":false},"author":1,"featured_media":0,"parent":0,"menu_order":0,"comment_status":"closed","ping_status":"closed","template":"page-templates\/template-page-personnalisee.php","meta":{"footnotes":""},"yoast_head":"<!-- This site is optimized with the Yoast SEO plugin v21.0 - https:\/\/yoast.com\/wordpress\/plugins\/seo\/ -->\n<title>A propos - Clan Nordag<\/title>\n<meta name=\"robots\" content=\"index, follow, max-snippet:-1, max-image-preview:large, max-video-preview:-1\" \/>\n<link rel=\"canonical\" href=\"https:\/\/clan-nordag.com\/index.php\/a-propos\/\" \/>\n<meta property=\"og:locale\" content=\"fr_FR\" \/>\n<meta property=\"og:type\" content=\"article\" \/>\n<meta property=\"og:title\" content=\"A propos - Clan Nordag\" \/>\n<meta property=\"og:description\" content=\"Clan Nordag est compos\u00e9 d&rsquo;Hermine, Frank Nordag et Ir\u00e8ne de France. Tous les 3 sont auteurs\/compositeurs\/interpr\u00e8tes. Influenc\u00e9s par la musique traditionnelle celtique\/nordique et par des groupes plus modernes tels que Faun, Skald, Qntal, Dead can Dance, Malicorne&#8230; leurs 3 univers se sont entrem\u00eal\u00e9s pour cr\u00e9er de la musique N\u00e9o-m\u00e9di\u00e9vale originale et vari\u00e9e de style electro-folk-rock. [&hellip;]\" \/>\n<meta property=\"og:url\" content=\"https:\/\/clan-nordag.com\/index.php\/a-propos\/\" \/>\n<meta property=\"og:site_name\" content=\"Clan Nordag\" \/>\n<meta property=\"article:modified_time\" content=\"2021-04-09T15:55:00+00:00\" \/>\n<meta property=\"og:image\" content=\"https:\/\/clan-nordag.com\/wp-content\/uploads\/2021\/04\/photo-promotion-album-triade-1024x768.jpg\" \/>\n<meta name=\"twitter:card\" content=\"summary_large_image\" \/>\n<meta name=\"twitter:label1\" content=\"Dur\u00e9e de lecture estim\u00e9e\" \/>\n\t<meta name=\"twitter:data1\" content=\"1 minute\" \/>\n<script type=\"application\/ld+json\" class=\"yoast-schema-graph\">{\"@context\":\"https:\/\/schema.org\",\"@graph\":[{\"@type\":\"WebPage\",\"@id\":\"https:\/\/clan-nordag.com\/index.php\/a-propos\/\",\"url\":\"https:\/\/clan-nordag.com\/index.php\/a-propos\/\",\"name\":\"A propos - Clan Nordag\",\"isPartOf\":{\"@id\":\"https:\/\/clan-nordag.com\/#website\"},\"datePublished\":\"2021-03-30T17:33:59+00:00\",\"dateModified\":\"2021-04-09T15:55:00+00:00\",\"breadcrumb\":{\"@id\":\"https:\/\/clan-nordag.com\/index.php\/a-propos\/#breadcrumb\"},\"inLanguage\":\"fr-FR\",\"potentialAction\":[{\"@type\":\"ReadAction\",\"target\":[\"https:\/\/clan-nordag.com\/index.php\/a-propos\/\"]}]},{\"@type\":\"BreadcrumbList\",\"@id\":\"https:\/\/clan-nordag.com\/index.php\/a-propos\/#breadcrumb\",\"itemListElement\":[{\"@type\":\"ListItem\",\"position\":1,\"name\":\"Accueil\",\"item\":\"https:\/\/clan-nordag.com\/\"},{\"@type\":\"ListItem\",\"position\":2,\"name\":\"A propos\"}]},{\"@type\":\"WebSite\",\"@id\":\"https:\/\/clan-nordag.com\/#website\",\"url\":\"https:\/\/clan-nordag.com\/\",\"name\":\"Clan Nordag\",\"description\":\"Site officiel du groupe\",\"potentialAction\":[{\"@type\":\"SearchAction\",\"target\":{\"@type\":\"EntryPoint\",\"urlTemplate\":\"https:\/\/clan-nordag.com\/?s={search_term_string}\"},\"query-input\":\"required name=search_term_string\"}],\"inLanguage\":\"fr-FR\"}]}<\/script>\n<!-- \/ Yoast SEO plugin. -->","yoast_head_json":{"title":"A propos - Clan Nordag","robots":{"index":"index","follow":"follow","max-snippet":"max-snippet:-1","max-image-preview":"max-image-preview:large","max-video-preview":"max-video-preview:-1"},"canonical":"https:\/\/clan-nordag.com\/index.php\/a-propos\/","og_locale":"fr_FR","og_type":"article","og_title":"A propos - Clan Nordag","og_description":"Clan Nordag est compos\u00e9 d&rsquo;Hermine, Frank Nordag et Ir\u00e8ne de France. Tous les 3 sont auteurs\/compositeurs\/interpr\u00e8tes. Influenc\u00e9s par la musique traditionnelle celtique\/nordique et par des groupes plus modernes tels que Faun, Skald, Qntal, Dead can Dance, Malicorne&#8230; leurs 3 univers se sont entrem\u00eal\u00e9s pour cr\u00e9er de la musique N\u00e9o-m\u00e9di\u00e9vale originale et vari\u00e9e de style electro-folk-rock. [&hellip;]","og_url":"https:\/\/clan-nordag.com\/index.php\/a-propos\/","og_site_name":"Clan Nordag","article_modified_time":"2021-04-09T15:55:00+00:00","og_image":[{"url":"https:\/\/clan-nordag.com\/wp-content\/uploads\/2021\/04\/photo-promotion-album-triade-1024x768.jpg"}],"twitter_card":"summary_large_image","twitter_misc":{"Dur\u00e9e de lecture estim\u00e9e":"1 minute"},"schema":{"@context":"https:\/\/schema.org","@graph":[{"@type":"WebPage","@id":"https:\/\/clan-nordag.com\/index.php\/a-propos\/","url":"https:\/\/clan-nordag.com\/index.php\/a-propos\/","name":"A propos - Clan Nordag","isPartOf":{"@id":"https:\/\/clan-nordag.com\/#website"},"datePublished":"2021-03-30T17:33:59+00:00","dateModified":"2021-04-09T15:55:00+00:00","breadcrumb":{"@id":"https:\/\/clan-nordag.com\/index.php\/a-propos\/#breadcrumb"},"inLanguage":"fr-FR","potentialAction":[{"@type":"ReadAction","target":["https:\/\/clan-nordag.com\/index.php\/a-propos\/"]}]},{"@type":"BreadcrumbList","@id":"https:\/\/clan-nordag.com\/index.php\/a-propos\/#breadcrumb","itemListElement":[{"@type":"ListItem","position":1,"name":"Accueil","item":"https:\/\/clan-nordag.com\/"},{"@type":"ListItem","position":2,"name":"A propos"}]},{"@type":"WebSite","@id":"https:\/\/clan-nordag.com\/#website","url":"https:\/\/clan-nordag.com\/","name":"Clan Nordag","description":"Site officiel du groupe","potentialAction":[{"@type":"SearchAction","target":{"@type":"EntryPoint","urlTemplate":"https:\/\/clan-nordag.com\/?s={search_term_string}"},"query-input":"required name=search_term_string"}],"inLanguage":"fr-FR"}]}},"_links":{"self":[{"href":"https:\/\/clan-nordag.com\/index.php\/wp-json\/wp\/v2\/pages\/273"}],"collection":[{"href":"https:\/\/clan-nordag.com\/index.php\/wp-json\/wp\/v2\/pages"}],"about":[{"href":"https:\/\/clan-nordag.com\/index.php\/wp-json\/wp\/v2\/types\/page"}],"author":[{"embeddable":true,"href":"https:\/\/clan-nordag.com\/index.php\/wp-json\/wp\/v2\/users\/1"}],"replies":[{"embeddable":true,"href":"https:\/\/clan-nordag.com\/index.php\/wp-json\/wp\/v2\/comments?post=273"}],"version-history":[{"count":5,"href":"https:\/\/clan-nordag.com\/index.php\/wp-json\/wp\/v2\/pages\/273\/revisions"}],"predecessor-version":[{"id":316,"href":"https:\/\/clan-nordag.com\/index.php\/wp-json\/wp\/v2\/pages\/273\/revisions\/316"}],"wp:attachment":[{"href":"https:\/\/clan-nordag.com\/index.php\/wp-json\/wp\/v2\/media?parent=273"}],"curies":[{"name":"wp","href":"https:\/\/api.w.org\/{rel}","templated":true}]}}