{"id":12,"date":"2021-03-13T20:23:10","date_gmt":"2021-03-13T19:23:10","guid":{"rendered":"https:\/?page_id=12"},"modified":"2023-05-16T11:19:49","modified_gmt":"2023-05-16T09:19:49","slug":"musique","status":"publish","type":"page","link":"https:\/\/clan-nordag.com\/index.php\/musique\/","title":{"rendered":"Musique"},"content":{"rendered":"<p><strong>2022 &#8211; en cours : Travail sur le futur album \u00ab\u00a0M\u00e9tamorphoses\u00a0\u00bb<\/strong><\/p>\n<p>En attendant la sortie de notre futur album pr\u00e9vu en 2024, voici notre nouveau morceau \u00ab\u00a0La naissance de Cernunnos\u00a0\u00bb (d\u00e9mo).<\/p>\n<p><iframe loading=\"lazy\" src=\"https:\/\/w.soundcloud.com\/player\/?url=https%3A\/\/api.soundcloud.com\/tracks\/1471056340&amp;color=%23ff5500&amp;auto_play=false&amp;hide_related=false&amp;show_comments=true&amp;show_user=true&amp;show_reposts=false&amp;show_teaser=true\" width=\"100%\" height=\"166\" frameborder=\"no\" scrolling=\"no\"><\/iframe><\/p>\n<div style=\"font-size: 10px; color: #cccccc; line-break: anywhere; word-break: normal; overflow: hidden; white-space: nowrap; text-overflow: ellipsis; font-family: Interstate,Lucida Grande,Lucida Sans Unicode,Lucida Sans,Garuda,Verdana,Tahoma,sans-serif; font-weight: 100;\"><a style=\"color: #cccccc; text-decoration: none;\" title=\"CLAN NORDAG\" href=\"https:\/\/soundcloud.com\/frank-nordag\" target=\"_blank\" rel=\"noopener\">CLAN NORDAG<\/a> \u00b7 <a style=\"color: #cccccc; text-decoration: none;\" title=\"La naissance de Cernunnos (d\u00e9mo)\" href=\"https:\/\/soundcloud.com\/frank-nordag\/la-naissance-de-cernunnos-demo\" target=\"_blank\" rel=\"noopener\">La naissance de Cernunnos (d\u00e9mo)<\/a><\/div>\n<p><strong><br \/>\n2021 : 1er album \u00ab\u00a0Triade\u00a0\u00bb<\/strong><\/p>\n<p>Le 1er album de Clan Nordag intitul\u00e9 \u00ab\u00a0Triade\u00a0\u00bb est sorti le 1er mai 2021.<br \/>\nVous pouvez l&rsquo;acqu\u00e9rir \u00e0 l&rsquo;adresse suivante : <a href=\"https:\/\/clan-nordag.bandcamp.com\/album\/triade-album\">Album \u00ab\u00a0Triade\u00a0\u00bb(CD ou album num\u00e9rique)<\/a><\/p>\n<div style=\"text-align: center; margin-top: 50px; margin-bottom: 50px;\"><iframe style=\"border: 0; width: 100%; height: 120px;\" src=\"https:\/\/bandcamp.com\/EmbeddedPlayer\/album=3585874481\/size=large\/bgcol=ffffff\/linkcol=0687f5\/tracklist=false\/artwork=small\/transparent=true\/\" seamless=\"\"><a href=\"https:\/\/clan-nordag.bandcamp.com\/album\/triade-album\">Triade (Album) by Clan Nordag<\/a><\/iframe><\/div>\n<div>\n<p><strong>Forces Parall\u00e8les &#8211; Chroniques \u00e9clectiques.<\/strong><br \/>\n\u00ab\u00a0Triade&rsquo; est un disque fait de chansons tribales, pop, folk et mystiques, aux couleurs sylvestres, parfois maritimes&#8230; Nous ne saurions trop vous recommander, amis r\u00eaveurs et magiciens de coeur, \u00e0 vous y plonger !\u00a0\u00bb<\/p>\n<p><strong>Music Waves<\/strong><br \/>\n\u00ab\u00a0Dans un style r\u00e9cemment remis au go\u00fbt du jour par le succ\u00e8s de Skald, Clan Nordag nous d\u00e9livre avec &lsquo;Triade&rsquo; un excellent premier album qui, tout en restant tr\u00e8s accessible et apte \u00e0 plaire au plus grand nombre, viendra \u00e9galement ravir les oreilles plus exigeantes par la qualit\u00e9 de sa<br \/>\nr\u00e9alisation et le souci du d\u00e9tail de composition de ses douze titres. Indispensable pour les amateurs de Malicorne, C\u00e9cile Corbel ou encore Urban Trad.\u00a0\u00bb<\/p>\n<p><strong>Webzine Rythmes Crois\u00e9s<\/strong><br \/>\n\u00ab\u00a0Clan Nordag est un groupe sympathique qui vient de sortir un premier album, &lsquo;Triade&rsquo;, aussi sympathique que lui, \u00e0 la fois r\u00e9gional, on y chante en breton, et plein de l\u00e9gendes celtes et de mythologies nordiques, de surcro\u00eet non d\u00e9nu\u00e9 d\u2019humour, avec un Frank NORDAG, tr\u00e8s \u00e0 son aise en grand architecte, flanqu\u00e9 \u00e0 sa gauche et \u00e0 sa droite de deux chanteuses co-compositrices tr\u00e8s dou\u00e9es, Ir\u00e8ne et Hermine, aux voix tour \u00e0 tour ardentes ou ang\u00e9liques&#8230; Triade constitue r\u00e9ellement un tr\u00e8s bon album qui passe d\u2019un rien \u00e0 c\u00f4t\u00e9 de l\u2019excellence. Je ne voudrais surtout pas terminer cette chronique sans vous parler d\u2019Elin Cr\u00e9ations l\u2019artiste peintre qui a r\u00e9alis\u00e9 toutes les illustrations qui ornent et embellissent l\u2019album. Gr\u00e2ce \u00e0 elle, Triade s\u2019\u00e9coute et se savoure autant qu\u2019il s\u2019admire.\u00a0\u00bb<\/p>\n<p><strong>Musicforthemisfits<\/strong><br \/>\n\u00ab\u00a0There are days on which we accidentally run into a musical masterpiece that stands out from all else we have listened to so far. Clan Nordag is nothing like music you currently hear in the charts, besides the lyrics being French-spoken.\u00a0\u00bb<\/p>\n<p><strong>Orkus!<\/strong><br \/>\n\u00ab\u00a0On &lsquo;Triade&rsquo;, the three French artists spread out a delightful world of sound that not only artfully interweaves materials from Celtic and Nordic myths. The electro-folk-rock arrangements skilfully combine traditional instruments with modernity to create a sound that is sometimes powerful,<br \/>\nsometimes full of quiet grace and always intense.\u00a0\u00bb<\/p>\n<p><strong>Sonic Seducer<\/strong><br \/>\n\u00ab\u00a0Triade&rsquo;, the first album by the French electro-folk-rock band Clan Nordag, consists of twelve enchanting songs that take you into the world of fairies, but also into that of Nordic mythology. With \u00ab\u00a0Broceliande\u00a0\u00bb and \u00ab\u00a0Bae an anaon\u00a0\u00bb, there are also pieces from the Celtic saga world on the extremely atmospheric and beautiful album. If you love folky music with many influences and also the French language, you will certainly not disdain Clan Nordag&rsquo;s debut album.\u00a0\u00bb<\/p>\n<p><strong>Keltia<br \/>\n<\/strong>\u00ab\u00a0Triade est un excellent premier CD qui reste tr\u00e8s accessible et apte \u00e0 plaire au plus grand nombre.\u00a0\u00bb<\/p>\n<\/div>\n","protected":false},"excerpt":{"rendered":"<p>2022 &#8211; en cours : Travail sur le futur album \u00ab\u00a0M\u00e9tamorphoses\u00a0\u00bb En attendant la sortie de notre futur album pr\u00e9vu en 2024, voici notre nouveau morceau \u00ab\u00a0La naissance de Cernunnos\u00a0\u00bb (d\u00e9mo). CLAN NORDAG \u00b7 La naissance de Cernunnos (d\u00e9mo) 2021 : 1er album \u00ab\u00a0Triade\u00a0\u00bb Le 1er album de Clan Nordag intitul\u00e9 \u00ab\u00a0Triade\u00a0\u00bb est sorti le [&hellip;]<\/p>\n","protected":false},"author":1,"featured_media":0,"parent":0,"menu_order":0,"comment_status":"closed","ping_status":"closed","template":"page-templates\/template-page-personnalisee.php","meta":{"footnotes":""},"yoast_head":"<!-- This site is optimized with the Yoast SEO plugin v21.0 - https:\/\/yoast.com\/wordpress\/plugins\/seo\/ -->\n<title>Musique - Clan Nordag<\/title>\n<meta name=\"robots\" content=\"index, follow, max-snippet:-1, max-image-preview:large, max-video-preview:-1\" \/>\n<link rel=\"canonical\" href=\"https:\/\/clan-nordag.com\/index.php\/musique\/\" \/>\n<meta property=\"og:locale\" content=\"fr_FR\" \/>\n<meta property=\"og:type\" content=\"article\" \/>\n<meta property=\"og:title\" content=\"Musique - Clan Nordag\" \/>\n<meta property=\"og:description\" content=\"2022 &#8211; en cours : Travail sur le futur album \u00ab\u00a0M\u00e9tamorphoses\u00a0\u00bb En attendant la sortie de notre futur album pr\u00e9vu en 2024, voici notre nouveau morceau \u00ab\u00a0La naissance de Cernunnos\u00a0\u00bb (d\u00e9mo). CLAN NORDAG \u00b7 La naissance de Cernunnos (d\u00e9mo) 2021 : 1er album \u00ab\u00a0Triade\u00a0\u00bb Le 1er album de Clan Nordag intitul\u00e9 \u00ab\u00a0Triade\u00a0\u00bb est sorti le [&hellip;]\" \/>\n<meta property=\"og:url\" content=\"https:\/\/clan-nordag.com\/index.php\/musique\/\" \/>\n<meta property=\"og:site_name\" content=\"Clan Nordag\" \/>\n<meta property=\"article:modified_time\" content=\"2023-05-16T09:19:49+00:00\" \/>\n<meta name=\"twitter:card\" content=\"summary_large_image\" \/>\n<meta name=\"twitter:label1\" content=\"Dur\u00e9e de lecture estim\u00e9e\" \/>\n\t<meta name=\"twitter:data1\" content=\"3 minutes\" \/>\n<script type=\"application\/ld+json\" class=\"yoast-schema-graph\">{\"@context\":\"https:\/\/schema.org\",\"@graph\":[{\"@type\":\"WebPage\",\"@id\":\"https:\/\/clan-nordag.com\/index.php\/musique\/\",\"url\":\"https:\/\/clan-nordag.com\/index.php\/musique\/\",\"name\":\"Musique - Clan Nordag\",\"isPartOf\":{\"@id\":\"https:\/\/clan-nordag.com\/#website\"},\"datePublished\":\"2021-03-13T19:23:10+00:00\",\"dateModified\":\"2023-05-16T09:19:49+00:00\",\"breadcrumb\":{\"@id\":\"https:\/\/clan-nordag.com\/index.php\/musique\/#breadcrumb\"},\"inLanguage\":\"fr-FR\",\"potentialAction\":[{\"@type\":\"ReadAction\",\"target\":[\"https:\/\/clan-nordag.com\/index.php\/musique\/\"]}]},{\"@type\":\"BreadcrumbList\",\"@id\":\"https:\/\/clan-nordag.com\/index.php\/musique\/#breadcrumb\",\"itemListElement\":[{\"@type\":\"ListItem\",\"position\":1,\"name\":\"Accueil\",\"item\":\"https:\/\/clan-nordag.com\/\"},{\"@type\":\"ListItem\",\"position\":2,\"name\":\"Musique\"}]},{\"@type\":\"WebSite\",\"@id\":\"https:\/\/clan-nordag.com\/#website\",\"url\":\"https:\/\/clan-nordag.com\/\",\"name\":\"Clan Nordag\",\"description\":\"Site officiel du groupe\",\"potentialAction\":[{\"@type\":\"SearchAction\",\"target\":{\"@type\":\"EntryPoint\",\"urlTemplate\":\"https:\/\/clan-nordag.com\/?s={search_term_string}\"},\"query-input\":\"required name=search_term_string\"}],\"inLanguage\":\"fr-FR\"}]}<\/script>\n<!-- \/ Yoast SEO plugin. -->","yoast_head_json":{"title":"Musique - Clan Nordag","robots":{"index":"index","follow":"follow","max-snippet":"max-snippet:-1","max-image-preview":"max-image-preview:large","max-video-preview":"max-video-preview:-1"},"canonical":"https:\/\/clan-nordag.com\/index.php\/musique\/","og_locale":"fr_FR","og_type":"article","og_title":"Musique - Clan Nordag","og_description":"2022 &#8211; en cours : Travail sur le futur album \u00ab\u00a0M\u00e9tamorphoses\u00a0\u00bb En attendant la sortie de notre futur album pr\u00e9vu en 2024, voici notre nouveau morceau \u00ab\u00a0La naissance de Cernunnos\u00a0\u00bb (d\u00e9mo). CLAN NORDAG \u00b7 La naissance de Cernunnos (d\u00e9mo) 2021 : 1er album \u00ab\u00a0Triade\u00a0\u00bb Le 1er album de Clan Nordag intitul\u00e9 \u00ab\u00a0Triade\u00a0\u00bb est sorti le [&hellip;]","og_url":"https:\/\/clan-nordag.com\/index.php\/musique\/","og_site_name":"Clan Nordag","article_modified_time":"2023-05-16T09:19:49+00:00","twitter_card":"summary_large_image","twitter_misc":{"Dur\u00e9e de lecture estim\u00e9e":"3 minutes"},"schema":{"@context":"https:\/\/schema.org","@graph":[{"@type":"WebPage","@id":"https:\/\/clan-nordag.com\/index.php\/musique\/","url":"https:\/\/clan-nordag.com\/index.php\/musique\/","name":"Musique - Clan Nordag","isPartOf":{"@id":"https:\/\/clan-nordag.com\/#website"},"datePublished":"2021-03-13T19:23:10+00:00","dateModified":"2023-05-16T09:19:49+00:00","breadcrumb":{"@id":"https:\/\/clan-nordag.com\/index.php\/musique\/#breadcrumb"},"inLanguage":"fr-FR","potentialAction":[{"@type":"ReadAction","target":["https:\/\/clan-nordag.com\/index.php\/musique\/"]}]},{"@type":"BreadcrumbList","@id":"https:\/\/clan-nordag.com\/index.php\/musique\/#breadcrumb","itemListElement":[{"@type":"ListItem","position":1,"name":"Accueil","item":"https:\/\/clan-nordag.com\/"},{"@type":"ListItem","position":2,"name":"Musique"}]},{"@type":"WebSite","@id":"https:\/\/clan-nordag.com\/#website","url":"https:\/\/clan-nordag.com\/","name":"Clan Nordag","description":"Site officiel du groupe","potentialAction":[{"@type":"SearchAction","target":{"@type":"EntryPoint","urlTemplate":"https:\/\/clan-nordag.com\/?s={search_term_string}"},"query-input":"required name=search_term_string"}],"inLanguage":"fr-FR"}]}},"_links":{"self":[{"href":"https:\/\/clan-nordag.com\/index.php\/wp-json\/wp\/v2\/pages\/12"}],"collection":[{"href":"https:\/\/clan-nordag.com\/index.php\/wp-json\/wp\/v2\/pages"}],"about":[{"href":"https:\/\/clan-nordag.com\/index.php\/wp-json\/wp\/v2\/types\/page"}],"author":[{"embeddable":true,"href":"https:\/\/clan-nordag.com\/index.php\/wp-json\/wp\/v2\/users\/1"}],"replies":[{"embeddable":true,"href":"https:\/\/clan-nordag.com\/index.php\/wp-json\/wp\/v2\/comments?post=12"}],"version-history":[{"count":33,"href":"https:\/\/clan-nordag.com\/index.php\/wp-json\/wp\/v2\/pages\/12\/revisions"}],"predecessor-version":[{"id":621,"href":"https:\/\/clan-nordag.com\/index.php\/wp-json\/wp\/v2\/pages\/12\/revisions\/621"}],"wp:attachment":[{"href":"https:\/\/clan-nordag.com\/index.php\/wp-json\/wp\/v2\/media?parent=12"}],"curies":[{"name":"wp","href":"https:\/\/api.w.org\/{rel}","templated":true}]}}